{"id":3122,"date":"2026-02-20T23:03:48","date_gmt":"2026-02-20T23:03:48","guid":{"rendered":"https:\/\/96karts.fr\/?post_type=product&#038;p=3122"},"modified":"2026-04-26T22:39:15","modified_gmt":"2026-04-26T21:39:15","slug":"cabeca-25-2","status":"publish","type":"product","link":"https:\/\/96karts.fr\/?product=cabeca-25-2","title":{"rendered":"Cabe\u00e7a 25"},"content":{"rendered":"","protected":false},"excerpt":{"rendered":"<p>\u00ab\u00a0Cabe\u00e7a 25\u00a0\u00bb\u00a0 Hommage \u00e0 l&rsquo;\u00c2me\u00a0 de Nazar\u00e9<\/p>\n<p>Cette toile capture et immortalise l\u2019essence des poissons, symbole profond de l&rsquo;\u00e2me et de la culture de Nazar\u00e9.<\/p>\n<p>Peinte \u00e0 l&rsquo;acrylique et au couteau sur un ch\u00e2ssis en lin de 60&#215;60 cm, l&rsquo;\u0153uvre est textur\u00e9e, color\u00e9e et vibrante, \u00e9voquant la richesse de la vie marine et l\u2019h\u00e9ritage maritime de cette ville.<\/p>\n<p>Vernie, sign\u00e9e et accompagn\u00e9e d&rsquo;un certificat d&rsquo;authenticit\u00e9, cette pi\u00e8ce unique est un ajout pr\u00e9cieux \u00e0 toute collection.<\/p>\n<p>L&rsquo;envoi se fait dans un emballage s\u00e9curis\u00e9 et renforc\u00e9.<\/p>\n","protected":false},"featured_media":3123,"comment_status":"open","ping_status":"closed","template":"","meta":[],"product_brand":[],"product_cat":[88,17],"product_tag":[62,38,19,21,46,39,63,61,48,51,37,60,50,49],"class_list":{"0":"post-3122","1":"product","2":"type-product","3":"status-publish","4":"has-post-thumbnail","6":"product_cat-peintures","7":"product_cat-toiles","8":"product_tag-acrylique","9":"product_tag-art","10":"product_tag-canvas","11":"product_tag-decoration","12":"product_tag-design","13":"product_tag-moderne","14":"product_tag-paint","15":"product_tag-palette-knife","16":"product_tag-peint-a-la-main","17":"product_tag-peintre","18":"product_tag-peinture","19":"product_tag-peinture-au-couteau","20":"product_tag-tableau","21":"product_tag-toile","22":"product_shipping_class-tres-grand-colis-5kg","24":"first","25":"instock","26":"taxable","27":"shipping-taxable","28":"purchasable","29":"product-type-simple"},"_links":{"self":[{"href":"https:\/\/96karts.fr\/index.php?rest_route=\/wp\/v2\/product\/3122","targetHints":{"allow":["GET"]}}],"collection":[{"href":"https:\/\/96karts.fr\/index.php?rest_route=\/wp\/v2\/product"}],"about":[{"href":"https:\/\/96karts.fr\/index.php?rest_route=\/wp\/v2\/types\/product"}],"replies":[{"embeddable":true,"href":"https:\/\/96karts.fr\/index.php?rest_route=%2Fwp%2Fv2%2Fcomments&post=3122"}],"wp:featuredmedia":[{"embeddable":true,"href":"https:\/\/96karts.fr\/index.php?rest_route=\/wp\/v2\/media\/3123"}],"wp:attachment":[{"href":"https:\/\/96karts.fr\/index.php?rest_route=%2Fwp%2Fv2%2Fmedia&parent=3122"}],"wp:term":[{"taxonomy":"product_brand","embeddable":true,"href":"https:\/\/96karts.fr\/index.php?rest_route=%2Fwp%2Fv2%2Fproduct_brand&post=3122"},{"taxonomy":"product_cat","embeddable":true,"href":"https:\/\/96karts.fr\/index.php?rest_route=%2Fwp%2Fv2%2Fproduct_cat&post=3122"},{"taxonomy":"product_tag","embeddable":true,"href":"https:\/\/96karts.fr\/index.php?rest_route=%2Fwp%2Fv2%2Fproduct_tag&post=3122"}],"curies":[{"name":"wp","href":"https:\/\/api.w.org\/{rel}","templated":true}]}}